{"id":32911,"date":"2021-08-11T13:21:54","date_gmt":"2021-08-11T09:21:54","guid":{"rendered":"https:\/\/www.creativezone.ae\/ad\/?page_id=32911"},"modified":"2022-01-27T11:43:19","modified_gmt":"2022-01-27T07:43:19","slug":"italy","status":"publish","type":"page","link":"https:\/\/www.creativezone.ae\/ad\/italy\/","title":{"rendered":"Crea una societ\u00e0 al 100% di tua propriet\u00e0 in Dubai"},"content":{"rendered":"<p>CREARE UNA SOCIETA\u2019 NEGLI EMIRATI ARABI UNITI<br \/>\nCrea una societ\u00e0 al 100% di tua propriet\u00e0 in Dubai<br \/>\nGli Emirati Arabi Uniti sono uno dei centri commerciali, finanziari, culturali e sociali pi\u00f9 ricercati del mondo.<\/p>\n<p>Il paese sta rapidamente assumendo un ruolo guida nel diventare il miglior hub globale finanziario e commerciale che il mondo abbia mai visto ed \u00e8 stato classificato sedicesimo dalla Banca Mondiale nella facilit\u00e0 di fare affari.<\/p>\n<p>Creative Zone offre soluzioni end-to-end complete tra cui la disposizione dei visti, la registrazione della tua azienda, l&#8217;ottenimento di un visto di residenza di 3 anni per te e la tua famiglia, assistenza nell&#8217;apertura di conti bancari e qualsiasi altro requisito personale che ti aiuti a gli Emirati Arabi Uniti.<\/p>\n<p>Fai la scelta giusta investendo nel posto giusto al momento giusto: Emirati Arabi Uniti, realizza i tuoi sogni!<\/p>\n","protected":false},"excerpt":{"rendered":"<p>CREARE UNA SOCIETA\u2019 NEGLI EMIRATI ARABI UNITI Crea una societ\u00e0 al 100% di tua propriet\u00e0 in Dubai Gli Emirati Arabi Uniti sono uno dei centri commerciali, finanziari, culturali e sociali pi\u00f9 ricercati del mondo. Il paese sta rapidamente assumendo un ruolo guida nel diventare il miglior hub globale finanziario e commerciale che il mondo abbia [&hellip;]<\/p>\n","protected":false},"author":3,"featured_media":38940,"parent":0,"menu_order":0,"comment_status":"closed","ping_status":"closed","template":"italian-lp.php","meta":{"footnotes":""},"class_list":["post-32911","page","type-page","status-publish","has-post-thumbnail","hentry"],"_links":{"self":[{"href":"https:\/\/www.creativezone.ae\/ad\/wp-json\/wp\/v2\/pages\/32911","targetHints":{"allow":["GET"]}}],"collection":[{"href":"https:\/\/www.creativezone.ae\/ad\/wp-json\/wp\/v2\/pages"}],"about":[{"href":"https:\/\/www.creativezone.ae\/ad\/wp-json\/wp\/v2\/types\/page"}],"author":[{"embeddable":true,"href":"https:\/\/www.creativezone.ae\/ad\/wp-json\/wp\/v2\/users\/3"}],"replies":[{"embeddable":true,"href":"https:\/\/www.creativezone.ae\/ad\/wp-json\/wp\/v2\/comments?post=32911"}],"version-history":[{"count":3,"href":"https:\/\/www.creativezone.ae\/ad\/wp-json\/wp\/v2\/pages\/32911\/revisions"}],"predecessor-version":[{"id":32916,"href":"https:\/\/www.creativezone.ae\/ad\/wp-json\/wp\/v2\/pages\/32911\/revisions\/32916"}],"wp:featuredmedia":[{"embeddable":true,"href":"https:\/\/www.creativezone.ae\/ad\/wp-json\/wp\/v2\/media\/38940"}],"wp:attachment":[{"href":"https:\/\/www.creativezone.ae\/ad\/wp-json\/wp\/v2\/media?parent=32911"}],"curies":[{"name":"wp","href":"https:\/\/api.w.org\/{rel}","templated":true}]}}